{"id":2338,"date":"2019-08-01T22:48:16","date_gmt":"2019-08-01T22:48:16","guid":{"rendered":"https:\/\/veda.one\/sk\/?page_id=2338"},"modified":"2025-12-29T21:09:29","modified_gmt":"2025-12-29T21:09:29","slug":"blogs","status":"publish","type":"page","link":"https:\/\/veda.one\/sk\/blogs\/","title":{"rendered":"Blogs"},"content":{"rendered":"<h1 style=\"text-align: center;\">Blogy SK<\/h1>\n<h3><a href=\"https:\/\/veda.one\/sk\/ai-a-expanzia-vedomia\/\">AI a Expanzia Vedomia\u00a0<\/a><\/h3>\n<h3><a href=\"https:\/\/veda.one\/sk\/kam-smeruje-evolucia-zivota\/\">Kam smeruje evol\u00facia \u017eivota?<\/a><\/h3>\n<h3><a href=\"https:\/\/veda.one\/sk\/synergeticka-komunikacia\/\">Synergetick\u00e1 komunik\u00e1cia<\/a><\/h3>\n<h3><a href=\"https:\/\/veda.one\/sk\/slovenske-slova-vychadzjuce-zo-slovneho-zakladu-veda-ved\/\">Slovensk\u00e9 slov\u00e1 vych\u00e1dzj\u00face zo slovn\u00e9ho z\u00e1kladu \u2018v\u00e9da\u2019, \u2018ved\u2019<\/a><\/h3>\n<h3><a href=\"https:\/\/veda.one\/sk\/ako-nalozit-s-hnevom\/\">Ako nalo\u017ei\u0165 s hnevom?<\/a><\/h3>\n<h3><a href=\"https:\/\/veda.one\/sk\/mocne-ladicky-powerful-tuning-fork\/\">Mocn\u00e9 Ladi\u010dky \u2013 Powerful Tuning Forks<\/a><\/h3>\n<h3><a href=\"https:\/\/veda.one\/sk\/kracanie\/\">Kr\u00e1\u010danie<\/a><\/h3>\n<h3><a href=\"https:\/\/veda.one\/sk\/tekuta-sila\/\">Tekut\u00e1 Sila<\/a><\/h3>\n<h3><a href=\"https:\/\/veda.one\/sk\/tekute-a-krystalicke-telo\/\">Tekut\u00e9 a kry\u0161talick\u00e9 telo<\/a><\/h3>\n<h3><a href=\"https:\/\/veda.one\/sk\/prirodzene-prava\/\">Prirodzen\u00e9 Pr\u00e1va<\/a><\/h3>\n<h3><a href=\"https:\/\/veda.one\/sk\/rozhodovacie-centra-cloveka\/\">Rozhodovacie centr\u00e1 \u010dloveka<\/a><\/h3>\n<h3><a href=\"https:\/\/veda.one\/sk\/svetlo-v-tme\/\">Svetlo v Tme<\/a><\/h3>\n<h3><a href=\"https:\/\/veda.one\/sk\/fokusnute-a-periferne-videnie\/\">Fokusnut\u00e9 a perif\u00e9rne Videnie<\/a><\/h3>\n<h3><a href=\"https:\/\/veda.one\/sk\/voda-a-ohen\/\">Voda a Ohe\u0148<\/a><\/h3>\n","protected":false},"excerpt":{"rendered":"<p>Blogy SK AI a Expanzia Vedomia\u00a0 Kam smeruje evol\u00facia \u017eivota? Synergetick\u00e1 komunik\u00e1cia Slovensk\u00e9 slov\u00e1 vych\u00e1dzj\u00face zo slovn\u00e9ho z\u00e1kladu \u2018v\u00e9da\u2019, \u2018ved\u2019 Ako nalo\u017ei\u0165 s hnevom? Mocn\u00e9 Ladi\u010dky \u2013 Powerful Tuning Forks [&hellip;]<\/p>\n","protected":false},"author":1,"featured_media":0,"parent":0,"menu_order":0,"comment_status":"closed","ping_status":"closed","template":"","meta":{"_mo_disable_npp":"","footnotes":""},"yoast_head":"<!-- This site is optimized with the Yoast SEO plugin v15.7 - https:\/\/yoast.com\/wordpress\/plugins\/seo\/ -->\n<title>Blogs | VEDA<\/title>\n<meta name=\"robots\" content=\"index, follow, max-snippet:-1, max-image-preview:large, max-video-preview:-1\" \/>\n<link rel=\"canonical\" href=\"https:\/\/veda.one\/sk\/blogs\/\" \/>\n<meta property=\"og:locale\" content=\"en_US\" \/>\n<meta property=\"og:type\" content=\"article\" \/>\n<meta property=\"og:title\" content=\"Blogs | VEDA\" \/>\n<meta property=\"og:description\" content=\"Blogy SK AI a Expanzia Vedomia\u00a0 Kam smeruje evol\u00facia \u017eivota? Synergetick\u00e1 komunik\u00e1cia Slovensk\u00e9 slov\u00e1 vych\u00e1dzj\u00face zo slovn\u00e9ho z\u00e1kladu \u2018v\u00e9da\u2019, \u2018ved\u2019 Ako nalo\u017ei\u0165 s hnevom? Mocn\u00e9 Ladi\u010dky \u2013 Powerful Tuning Forks [&hellip;]\" \/>\n<meta property=\"og:url\" content=\"https:\/\/veda.one\/sk\/blogs\/\" \/>\n<meta property=\"og:site_name\" content=\"VEDA\" \/>\n<meta property=\"article:publisher\" content=\"https:\/\/www.facebook.com\/groups\/898824270254113\/\" \/>\n<meta property=\"article:modified_time\" content=\"2025-12-29T21:09:29+00:00\" \/>\n<meta name=\"twitter:card\" content=\"summary\" \/>\n<meta name=\"twitter:site\" content=\"@Smart_Defence\" \/>\n<meta name=\"twitter:label1\" content=\"Est. reading time\">\n\t<meta name=\"twitter:data1\" content=\"1 minute\">\n<script type=\"application\/ld+json\" class=\"yoast-schema-graph\">{\"@context\":\"https:\/\/schema.org\",\"@graph\":[{\"@type\":\"WebSite\",\"@id\":\"https:\/\/veda.one\/sk\/#website\",\"url\":\"https:\/\/veda.one\/sk\/\",\"name\":\"VEDA\",\"description\":\"\\u017dIVOT V OTVOREN\\u00cd\",\"potentialAction\":[{\"@type\":\"SearchAction\",\"target\":\"https:\/\/veda.one\/sk\/?s={search_term_string}\",\"query-input\":\"required name=search_term_string\"}],\"inLanguage\":\"en-US\"},{\"@type\":\"WebPage\",\"@id\":\"https:\/\/veda.one\/sk\/blogs\/#webpage\",\"url\":\"https:\/\/veda.one\/sk\/blogs\/\",\"name\":\"Blogs | VEDA\",\"isPartOf\":{\"@id\":\"https:\/\/veda.one\/sk\/#website\"},\"datePublished\":\"2019-08-01T22:48:16+00:00\",\"dateModified\":\"2025-12-29T21:09:29+00:00\",\"inLanguage\":\"en-US\",\"potentialAction\":[{\"@type\":\"ReadAction\",\"target\":[\"https:\/\/veda.one\/sk\/blogs\/\"]}]}]}<\/script>\n<!-- \/ Yoast SEO plugin. -->","_links":{"self":[{"href":"https:\/\/veda.one\/sk\/wp-json\/wp\/v2\/pages\/2338"}],"collection":[{"href":"https:\/\/veda.one\/sk\/wp-json\/wp\/v2\/pages"}],"about":[{"href":"https:\/\/veda.one\/sk\/wp-json\/wp\/v2\/types\/page"}],"author":[{"embeddable":true,"href":"https:\/\/veda.one\/sk\/wp-json\/wp\/v2\/users\/1"}],"replies":[{"embeddable":true,"href":"https:\/\/veda.one\/sk\/wp-json\/wp\/v2\/comments?post=2338"}],"version-history":[{"count":9,"href":"https:\/\/veda.one\/sk\/wp-json\/wp\/v2\/pages\/2338\/revisions"}],"predecessor-version":[{"id":6425,"href":"https:\/\/veda.one\/sk\/wp-json\/wp\/v2\/pages\/2338\/revisions\/6425"}],"wp:attachment":[{"href":"https:\/\/veda.one\/sk\/wp-json\/wp\/v2\/media?parent=2338"}],"curies":[{"name":"wp","href":"https:\/\/api.w.org\/{rel}","templated":true}]}}