{"id":2461,"date":"2019-09-10T14:08:34","date_gmt":"2019-09-10T14:08:34","guid":{"rendered":"https:\/\/veda.one\/sk\/?page_id=2461"},"modified":"2024-12-02T21:03:59","modified_gmt":"2024-12-02T21:03:59","slug":"aspects","status":"publish","type":"page","link":"https:\/\/veda.one\/sk\/aspects\/","title":{"rendered":"Aspekty"},"content":{"rendered":"<h1 style=\"text-align: center;\">Aspekty<\/h1>\n<p style=\"text-align: center;\">Je ve\u013ea <strong>aspektov<\/strong>, ktor\u00e9 <strong>ovplyv\u0148uj\u00fa kvalitu n\u00e1\u0161ho pohybu<\/strong>.<br \/>\nPozrieme sa na jednotliv\u00e9 aspekty oddelene, aby sme im porozumeli, prec\u00edtili ako funguj\u00fa.<br \/>\n\u0160tudujeme aj ako s\u00fa jednotliv\u00e9 aspekty <strong>posp\u00e1jan\u00e9<\/strong> a tvoria <strong>jeden holistick\u00fd obraz n\u00e1\u0161ho bytia<\/strong>&#8230;<\/p>\n<p>&nbsp;<\/p>\n<p><a href=\"https:\/\/veda.one\/sk\/wp-content\/uploads\/2019\/09\/aspects.jpg\" target=\"_blank\" rel=\"noopener noreferrer\"><img loading=\"lazy\" decoding=\"async\" class=\"aligncenter wp-image-2462 size-large\" src=\"https:\/\/veda.one\/sk\/wp-content\/uploads\/2019\/09\/aspects-1024x623.jpg\" alt=\"\" width=\"1024\" height=\"623\" srcset=\"https:\/\/veda.one\/sk\/wp-content\/uploads\/2019\/09\/aspects-1024x623.jpg 1024w, https:\/\/veda.one\/sk\/wp-content\/uploads\/2019\/09\/aspects-300x183.jpg 300w, https:\/\/veda.one\/sk\/wp-content\/uploads\/2019\/09\/aspects-768x467.jpg 768w, https:\/\/veda.one\/sk\/wp-content\/uploads\/2019\/09\/aspects-600x365.jpg 600w\" sizes=\"(max-width: 1024px) 100vw, 1024px\" \/><\/a><\/p>\n<p>&nbsp;<\/p>\n<h2 style=\"text-align: center;\"><strong>List aspektov:<\/strong><\/h2>\n<h3><a href=\"https:\/\/veda.one\/sk\/sila-expanzie-kondenzacie-fascii\/\">Expanzia a kondenz\u00e1cia<\/a><\/h3>\n<h3>\u00a0 \u00a0 \u00a0 <a href=\"https:\/\/veda.one\/sk\/vplyv-expanzie-a-kondenzacie-na-emocie-mysel-a-vedomie\/\">Vplyv expanzie a kondenz\u00e1cie na em\u00f3cie, myse\u013e a vedomie<\/a><\/h3>\n<h3><a href=\"https:\/\/veda.one\/sk\/ako-nalozit-s-hnevom\/\">Hnev<\/a><\/h3>\n<h3><a href=\"https:\/\/veda.one\/sk\/kracanie\/\">Krok<\/a><\/h3>\n<h3><a href=\"https:\/\/veda.one\/sk\/prud-rovnovahy\/\">Pr\u00fad rovnov\u00e1hy<\/a><\/h3>\n<h3><a href=\"https:\/\/veda.one\/sk\/zivot-v-otvoreni-stres-management\/\">Stres<\/a><\/h3>\n<h3><a href=\"https:\/\/veda.one\/sk\/tekuta-a-vzletna-sila\/\">Tekut\u00e1 a Vzletn\u00e1 Sila<\/a><\/h3>\n<h3><a href=\"https:\/\/veda.one\/sk\/tekuta-sila\/\">Tekut\u00e1 Sila<\/a><\/h3>\n<h3><a href=\"https:\/\/veda.one\/sk\/tekute-a-krystalicke-telo\/\">Tekut\u00e9 a kry\u0161talick\u00e9 telo<\/a><\/h3>\n<h3><a href=\"https:\/\/veda.one\/sk\/tensegrita\/\">Tensegrita<\/a><\/h3>\n<h3><a href=\"https:\/\/veda.one\/sk\/svetlo-v-tme\/\">Tma<\/a><\/h3>\n<h3><a href=\"https:\/\/veda.one\/sk\/fokusnute-a-periferne-videnie\/\">Videnie<\/a> &#8211;\u00a0<a href=\"https:\/\/veda.one\/sk\/fokusnute-a-periferne-videnie\/\">fokusnut\u00e9 a perif\u00e9rne<\/a><\/h3>\n<h3><a href=\"https:\/\/veda.one\/sk\/pravilo\/\">Pravilo \u2013 stroj zdravia<\/a><\/h3>\n<p>.<\/p>\n<h2 style=\"text-align: center;\"><strong>Anglicky:<\/strong><\/h2>\n<h3><a href=\"https:\/\/veda.one\/absorb-project\/\"><b>Absorb\u00a0<\/b>&amp;\u00a0<b>Project<\/b><\/a><\/h3>\n<h3><a href=\"https:\/\/veda.one\/accept-or-resist\/\">Accept &amp;<\/a><a href=\"https:\/\/veda.one\/accept-or-resist\/\"> Resist<\/a><\/h3>\n<h3><a href=\"https:\/\/veda.one\/active-and-passive-movements\/\">Active &amp; Passive<\/a><\/h3>\n<h3><a href=\"https:\/\/veda.one\/awareness-attention\/\" target=\"_blank\" rel=\"noopener noreferrer\"><strong>Awareness \/ <\/strong><\/a><a href=\"https:\/\/veda.one\/awareness-attention\/\" target=\"_blank\" rel=\"noopener noreferrer\"><strong>Attention <\/strong><\/a><a href=\"https:\/\/veda.one\/awareness-attention\/\" target=\"_blank\" rel=\"noopener noreferrer\"><strong>&#8211; Focused &amp; Expanded<\/strong><\/a><\/h3>\n<h3><a href=\"https:\/\/veda.one\/balance\/\">Balance<\/a><\/h3>\n<h3><a href=\"https:\/\/veda.one\/breathing-2\/\" target=\"_blank\" rel=\"noopener noreferrer\">Breathing<\/a><\/h3>\n<h3>\u00a0 \u00a0 \u00a0<a href=\"https:\/\/veda.one\/seven-breathing-principles-systema\/\">Seven breathing principles<\/a><\/h3>\n<h3><a href=\"https:\/\/veda.one\/centre-gravity-vs-centre-buoyancy-martial-arts\/\" target=\"_blank\" rel=\"noopener noreferrer\">Centre of Gravity &amp; Centre of Buoyancy<\/a><\/h3>\n<h3><a href=\"https:\/\/veda.one\/chi-kung\/\">Chi Kung \/ Qigong<\/a><\/h3>\n<h3><a href=\"https:\/\/veda.one\/emotions\/\">Emotion<\/a><\/h3>\n<h3><a href=\"https:\/\/veda.one\/expand-condense\/\"><b>Expand &amp; <\/b><b>Condense<\/b>\u00a0<\/a><\/h3>\n<h3>\u00a0 \u00a0 <a href=\"https:\/\/veda.one\/pravilo-device-to-expand\/\">Pravilo \u2013 device to expand<\/a><\/h3>\n<h3>\u00a0 \u00a0 <a href=\"https:\/\/veda.one\/expand-condense-chinese-way\/\">Expand &amp; Condense &#8211; the Chinese way<\/a><\/h3>\n<h3>\u00a0 \u00a0 <a href=\"https:\/\/veda.one\/expand-to-destress\/\">Expand to Destress<\/a><\/h3>\n<h3>\u00a0 \u00a0\u00a0<a href=\"https:\/\/veda.one\/expanding-and-stretching\/\">Expanding and Stretching<\/a><\/h3>\n<h3><a href=\"https:\/\/veda.one\/fascia\/\"><strong>Fascia<\/strong><\/a><\/h3>\n<h3><a href=\"https:\/\/veda.one\/fluid-being\/\">Fluid being<\/a><\/h3>\n<h3><a href=\"https:\/\/veda.one\/fire\/\">(Inner) Fire<\/a><\/h3>\n<h3><a href=\"https:\/\/veda.one\/flow-or-crystallise\/\">Flow or Crystallise<\/a><\/h3>\n<h3><a href=\"https:\/\/veda.one\/flow-state-of-mind\/\">Flow \u2013 state of mind<\/a><\/h3>\n<h3><a href=\"https:\/\/veda.one\/head-and-heart\/\" target=\"_blank\" rel=\"noopener noreferrer\">Head &amp; Heart<\/a><\/h3>\n<h3><a href=\"https:\/\/veda.one\/intention\/\" target=\"_blank\" rel=\"noopener noreferrer\"><b>Intention<\/b><\/a><\/h3>\n<h3><a href=\"https:\/\/veda.one\/kinetic-energy-human-body\/\">Kinetic energy\u00a0<\/a><\/h3>\n<h3><a href=\"https:\/\/veda.one\/massage\/\" target=\"_blank\" rel=\"noopener noreferrer\">Massage<\/a><\/h3>\n<h3><a href=\"https:\/\/veda.one\/kinds-of-meditations\/\">Meditation<\/a><\/h3>\n<h3><a href=\"https:\/\/veda.one\/anatomy-trains\/\" target=\"_blank\" rel=\"noopener noreferrer\"><strong><b>Myofascial tracks<\/b><\/strong><\/a><\/h3>\n<h3><a href=\"https:\/\/veda.one\/posture\/\" target=\"_blank\" rel=\"noopener noreferrer\">Posture<\/a><\/h3>\n<h3>\u00a0 \u00a0\u00a0<a href=\"https:\/\/veda.one\/uplifting-energy\/\">Uplifting Energy<\/a><\/h3>\n<h3>\u00a0 \u00a0 <a href=\"https:\/\/veda.one\/flow-of-balance\/\">The flow of balance<\/a><\/h3>\n<h3>\u00a0 \u00a0 <a href=\"https:\/\/veda.one\/flow-balance-fight\/\">The flow of balance in a fight<\/a><\/h3>\n<h3><a href=\"https:\/\/veda.one\/the-internal-channel-for-power\/\">Power &#8211;\u00a0<\/a><a href=\"https:\/\/veda.one\/the-internal-channel-for-power\/\">Internal Channel<\/a><\/h3>\n<h3><a href=\"https:\/\/veda.one\/reaction-vs-flow\/\">Reaction and Flow<\/a><\/h3>\n<h3><a href=\"https:\/\/veda.one\/relax-and-tension\/\">Relax and Tension<\/a><\/h3>\n<h3><a href=\"https:\/\/veda.one\/range-of-movement\/\" target=\"_blank\" rel=\"noopener noreferrer\">Range of movement\u00a0<\/a><\/h3>\n<h3><a href=\"https:\/\/veda.one\/sensitivity\/\" target=\"_blank\" rel=\"noopener noreferrer\">Sensitivity<\/a><\/h3>\n<h3><a href=\"https:\/\/veda.one\/steps\/\">Steps<\/a><\/h3>\n<h3><a href=\"https:\/\/veda.one\/stretching\/\">Stretching<\/a><\/h3>\n<h3><a href=\"https:\/\/veda.one\/expand-to-destress\/\">Stress management<\/a><\/h3>\n<h3><a href=\"https:\/\/veda.one\/tensegrity\/\">Tensegrity<\/a><\/h3>\n<h3>\u00a0 \u00a0<a href=\"https:\/\/veda.one\/backache-expand-to-strengthen-your-tensegrity\/\">Expand to strengthen your Tensegrity!<\/a><\/h3>\n<h3><a href=\"https:\/\/veda.one\/vision\/\" target=\"_blank\" rel=\"noopener noreferrer\"><b>Vision &#8211; Focused &amp; Peripheral\u00a0<\/b><\/a><\/h3>\n<h3><a href=\"https:\/\/veda.one\/vital-energy\/\" target=\"_blank\" rel=\"noopener noreferrer\"><b>Vital energy<\/b><\/a><\/h3>\n<h3><a href=\"https:\/\/veda.one\/wave\/\">Wave \u2013 Flow of Kinetic Energy<\/a><\/h3>\n<h3><a href=\"https:\/\/veda.one\/wave-vs-line\/\">Wave VS Line<\/a><\/h3>\n<h3><a href=\"https:\/\/veda.one\/yin-yang-tissue\/\"><b>Yin\u00a0<\/b>&amp;\u00a0<b>Yang\u00a0<\/b>tissue<\/a><\/h3>\n","protected":false},"excerpt":{"rendered":"<p>Aspekty Je ve\u013ea aspektov, ktor\u00e9 ovplyv\u0148uj\u00fa kvalitu n\u00e1\u0161ho pohybu. Pozrieme sa na jednotliv\u00e9 aspekty oddelene, aby sme im porozumeli, prec\u00edtili ako funguj\u00fa. \u0160tudujeme aj ako s\u00fa jednotliv\u00e9 aspekty posp\u00e1jan\u00e9 a [&hellip;]<\/p>\n","protected":false},"author":15,"featured_media":2462,"parent":0,"menu_order":0,"comment_status":"closed","ping_status":"closed","template":"","meta":{"_mo_disable_npp":"","footnotes":""},"yoast_head":"<!-- This site is optimized with the Yoast SEO plugin v15.7 - https:\/\/yoast.com\/wordpress\/plugins\/seo\/ -->\n<title>Aspekty | VEDA<\/title>\n<meta name=\"robots\" content=\"index, follow, max-snippet:-1, max-image-preview:large, max-video-preview:-1\" \/>\n<link rel=\"canonical\" href=\"https:\/\/veda.one\/sk\/aspects\/\" \/>\n<meta property=\"og:locale\" content=\"en_US\" \/>\n<meta property=\"og:type\" content=\"article\" \/>\n<meta property=\"og:title\" content=\"Aspekty | VEDA\" \/>\n<meta property=\"og:description\" content=\"Aspekty Je ve\u013ea aspektov, ktor\u00e9 ovplyv\u0148uj\u00fa kvalitu n\u00e1\u0161ho pohybu. Pozrieme sa na jednotliv\u00e9 aspekty oddelene, aby sme im porozumeli, prec\u00edtili ako funguj\u00fa. \u0160tudujeme aj ako s\u00fa jednotliv\u00e9 aspekty posp\u00e1jan\u00e9 a [&hellip;]\" \/>\n<meta property=\"og:url\" content=\"https:\/\/veda.one\/sk\/aspects\/\" \/>\n<meta property=\"og:site_name\" content=\"VEDA\" \/>\n<meta property=\"article:publisher\" content=\"https:\/\/www.facebook.com\/groups\/898824270254113\/\" \/>\n<meta property=\"article:modified_time\" content=\"2024-12-02T21:03:59+00:00\" \/>\n<meta property=\"og:image\" content=\"https:\/\/veda.one\/sk\/wp-content\/uploads\/2019\/09\/aspects.jpg\" \/>\n\t<meta property=\"og:image:width\" content=\"3691\" \/>\n\t<meta property=\"og:image:height\" content=\"2246\" \/>\n<meta name=\"twitter:card\" content=\"summary\" \/>\n<meta name=\"twitter:site\" content=\"@Smart_Defence\" \/>\n<meta name=\"twitter:label1\" content=\"Est. reading time\">\n\t<meta name=\"twitter:data1\" content=\"2 minutes\">\n<script type=\"application\/ld+json\" class=\"yoast-schema-graph\">{\"@context\":\"https:\/\/schema.org\",\"@graph\":[{\"@type\":\"WebSite\",\"@id\":\"https:\/\/veda.one\/sk\/#website\",\"url\":\"https:\/\/veda.one\/sk\/\",\"name\":\"VEDA\",\"description\":\"\\u017dIVOT V OTVOREN\\u00cd\",\"potentialAction\":[{\"@type\":\"SearchAction\",\"target\":\"https:\/\/veda.one\/sk\/?s={search_term_string}\",\"query-input\":\"required name=search_term_string\"}],\"inLanguage\":\"en-US\"},{\"@type\":\"ImageObject\",\"@id\":\"https:\/\/veda.one\/sk\/aspects\/#primaryimage\",\"inLanguage\":\"en-US\",\"url\":\"https:\/\/veda.one\/sk\/wp-content\/uploads\/2019\/09\/aspects.jpg\",\"width\":3691,\"height\":2246},{\"@type\":\"WebPage\",\"@id\":\"https:\/\/veda.one\/sk\/aspects\/#webpage\",\"url\":\"https:\/\/veda.one\/sk\/aspects\/\",\"name\":\"Aspekty | VEDA\",\"isPartOf\":{\"@id\":\"https:\/\/veda.one\/sk\/#website\"},\"primaryImageOfPage\":{\"@id\":\"https:\/\/veda.one\/sk\/aspects\/#primaryimage\"},\"datePublished\":\"2019-09-10T14:08:34+00:00\",\"dateModified\":\"2024-12-02T21:03:59+00:00\",\"inLanguage\":\"en-US\",\"potentialAction\":[{\"@type\":\"ReadAction\",\"target\":[\"https:\/\/veda.one\/sk\/aspects\/\"]}]}]}<\/script>\n<!-- \/ Yoast SEO plugin. -->","_links":{"self":[{"href":"https:\/\/veda.one\/sk\/wp-json\/wp\/v2\/pages\/2461"}],"collection":[{"href":"https:\/\/veda.one\/sk\/wp-json\/wp\/v2\/pages"}],"about":[{"href":"https:\/\/veda.one\/sk\/wp-json\/wp\/v2\/types\/page"}],"author":[{"embeddable":true,"href":"https:\/\/veda.one\/sk\/wp-json\/wp\/v2\/users\/15"}],"replies":[{"embeddable":true,"href":"https:\/\/veda.one\/sk\/wp-json\/wp\/v2\/comments?post=2461"}],"version-history":[{"count":12,"href":"https:\/\/veda.one\/sk\/wp-json\/wp\/v2\/pages\/2461\/revisions"}],"predecessor-version":[{"id":6332,"href":"https:\/\/veda.one\/sk\/wp-json\/wp\/v2\/pages\/2461\/revisions\/6332"}],"wp:featuredmedia":[{"embeddable":true,"href":"https:\/\/veda.one\/sk\/wp-json\/wp\/v2\/media\/2462"}],"wp:attachment":[{"href":"https:\/\/veda.one\/sk\/wp-json\/wp\/v2\/media?parent=2461"}],"curies":[{"name":"wp","href":"https:\/\/api.w.org\/{rel}","templated":true}]}}