{"id":3267,"date":"2020-01-03T19:10:12","date_gmt":"2020-01-03T19:10:12","guid":{"rendered":"https:\/\/veda.one\/sk\/?page_id=3267"},"modified":"2022-01-01T22:22:56","modified_gmt":"2022-01-01T22:22:56","slug":"galleries","status":"publish","type":"page","link":"https:\/\/veda.one\/sk\/galleries\/","title":{"rendered":"Gal\u00e9rie"},"content":{"rendered":"<h1 style=\"text-align: center;\">Gal\u00e9rie &#8211; V\u00e9da<\/h1>\n<h3 style=\"text-align: center;\"><a href=\"https:\/\/veda.one\/sk\/galeria-pravilo-tour-jesen-21\/\">Gal\u00e9ria \u2013 Pravilo Tour Jese\u0148 \u201921<\/a><\/h3>\n<p><a href=\"https:\/\/veda.one\/sk\/galeria-pravilo-tour-jesen-21\/\"><img loading=\"lazy\" decoding=\"async\" class=\"alignnone size-full wp-image-5194 aligncenter\" src=\"https:\/\/veda.one\/sk\/wp-content\/uploads\/2022\/01\/20211107_165821_resize.jpg\" alt=\"\" width=\"700\" height=\"525\" srcset=\"https:\/\/veda.one\/sk\/wp-content\/uploads\/2022\/01\/20211107_165821_resize.jpg 700w, https:\/\/veda.one\/sk\/wp-content\/uploads\/2022\/01\/20211107_165821_resize-300x225.jpg 300w, https:\/\/veda.one\/sk\/wp-content\/uploads\/2022\/01\/20211107_165821_resize-200x150.jpg 200w\" sizes=\"(max-width: 700px) 100vw, 700px\" \/><\/a><\/p>\n<p>&nbsp;<\/p>\n<h3 style=\"text-align: center;\"><a href=\"https:\/\/veda.one\/sk\/pravilo-at-festivals-21\/\">Pravilo na festivaloch \u201921<\/a><a href=\"https:\/\/veda.one\/sk\/pravilo-at-festivals-21\/\"><img loading=\"lazy\" decoding=\"async\" class=\"size-full wp-image-5208 aligncenter\" src=\"https:\/\/veda.one\/sk\/wp-content\/uploads\/2022\/01\/IMG_0012-cr-rs.jpg\" alt=\"\" width=\"700\" height=\"387\" srcset=\"https:\/\/veda.one\/sk\/wp-content\/uploads\/2022\/01\/IMG_0012-cr-rs.jpg 700w, https:\/\/veda.one\/sk\/wp-content\/uploads\/2022\/01\/IMG_0012-cr-rs-300x166.jpg 300w\" sizes=\"(max-width: 700px) 100vw, 700px\" \/><\/a><\/h3>\n<div id=\"attachment_3238\" style=\"width: 710px\" class=\"wp-caption aligncenter\"><a href=\"https:\/\/veda.one\/sk\/gallery-camp-greece19\/\"><img loading=\"lazy\" decoding=\"async\" aria-describedby=\"caption-attachment-3238\" class=\"wp-image-3238\" src=\"https:\/\/veda.one\/sk\/wp-content\/uploads\/2020\/01\/vlcsnap-2019-12-03-23h45m56s636_resize-1.png\" alt=\"\" width=\"700\" height=\"394\" srcset=\"https:\/\/veda.one\/sk\/wp-content\/uploads\/2020\/01\/vlcsnap-2019-12-03-23h45m56s636_resize-1.png 864w, https:\/\/veda.one\/sk\/wp-content\/uploads\/2020\/01\/vlcsnap-2019-12-03-23h45m56s636_resize-1-300x169.png 300w, https:\/\/veda.one\/sk\/wp-content\/uploads\/2020\/01\/vlcsnap-2019-12-03-23h45m56s636_resize-1-768x432.png 768w\" sizes=\"(max-width: 700px) 100vw, 700px\" \/><\/a><p id=\"caption-attachment-3238\" class=\"wp-caption-text\">Camp Greece 2019<\/p><\/div>\n<p>&nbsp;<\/p>\n<div id=\"attachment_1531\" style=\"width: 710px\" class=\"wp-caption aligncenter\"><a href=\"https:\/\/veda.one\/sk\/galleries\/london-trinity-laban-2017\"><img loading=\"lazy\" decoding=\"async\" aria-describedby=\"caption-attachment-1531\" class=\"wp-image-1531\" src=\"https:\/\/veda.one\/sk\/wp-content\/uploads\/2017\/11\/vlcsnap-error485.jpg\" alt=\"\" width=\"700\" height=\"525\" srcset=\"https:\/\/veda.one\/sk\/wp-content\/uploads\/2017\/11\/vlcsnap-error485.jpg 1920w, https:\/\/veda.one\/sk\/wp-content\/uploads\/2017\/11\/vlcsnap-error485-600x450.jpg 600w, https:\/\/veda.one\/sk\/wp-content\/uploads\/2017\/11\/vlcsnap-error485-300x225.jpg 300w, https:\/\/veda.one\/sk\/wp-content\/uploads\/2017\/11\/vlcsnap-error485-768x576.jpg 768w, https:\/\/veda.one\/sk\/wp-content\/uploads\/2017\/11\/vlcsnap-error485-1024x768.jpg 1024w, https:\/\/veda.one\/sk\/wp-content\/uploads\/2017\/11\/vlcsnap-error485-200x150.jpg 200w\" sizes=\"(max-width: 700px) 100vw, 700px\" \/><\/a><p id=\"caption-attachment-1531\" class=\"wp-caption-text\">London \u2013 Trinity Laban 2017<\/p><\/div>\n<p>&nbsp;<\/p>\n<div id=\"attachment_3270\" style=\"width: 710px\" class=\"wp-caption aligncenter\"><a href=\"https:\/\/veda.one\/sk\/galleries\/play-fight-tuscany-2017\/\"><img loading=\"lazy\" decoding=\"async\" aria-describedby=\"caption-attachment-3270\" class=\"wp-image-3270\" src=\"https:\/\/veda.one\/sk\/wp-content\/uploads\/2020\/01\/20748337_675828029273999_2238615179966639892_o.jpg\" alt=\"\" width=\"700\" height=\"394\" srcset=\"https:\/\/veda.one\/sk\/wp-content\/uploads\/2020\/01\/20748337_675828029273999_2238615179966639892_o.jpg 2048w, https:\/\/veda.one\/sk\/wp-content\/uploads\/2020\/01\/20748337_675828029273999_2238615179966639892_o-300x169.jpg 300w, https:\/\/veda.one\/sk\/wp-content\/uploads\/2020\/01\/20748337_675828029273999_2238615179966639892_o-768x432.jpg 768w, https:\/\/veda.one\/sk\/wp-content\/uploads\/2020\/01\/20748337_675828029273999_2238615179966639892_o-1024x576.jpg 1024w\" sizes=\"(max-width: 700px) 100vw, 700px\" \/><\/a><p id=\"caption-attachment-3270\" class=\"wp-caption-text\">Play-fight Tuscany 2017<\/p><\/div>\n<p>&nbsp;<\/p>\n<div id=\"attachment_1289\" style=\"width: 711px\" class=\"wp-caption aligncenter\"><a href=\"https:\/\/veda.one\/sk\/galleries\/play-fight-berlin-2016\/\"><img loading=\"lazy\" decoding=\"async\" aria-describedby=\"caption-attachment-1289\" class=\"wp-image-1289\" src=\"https:\/\/veda.one\/sk\/wp-content\/uploads\/2017\/08\/IMG_0100.jpg\" alt=\"\" width=\"701\" height=\"467\" srcset=\"https:\/\/veda.one\/sk\/wp-content\/uploads\/2017\/08\/IMG_0100.jpg 2592w, https:\/\/veda.one\/sk\/wp-content\/uploads\/2017\/08\/IMG_0100-600x400.jpg 600w, https:\/\/veda.one\/sk\/wp-content\/uploads\/2017\/08\/IMG_0100-300x200.jpg 300w, https:\/\/veda.one\/sk\/wp-content\/uploads\/2017\/08\/IMG_0100-768x512.jpg 768w, https:\/\/veda.one\/sk\/wp-content\/uploads\/2017\/08\/IMG_0100-1024x683.jpg 1024w\" sizes=\"(max-width: 701px) 100vw, 701px\" \/><\/a><p id=\"caption-attachment-1289\" class=\"wp-caption-text\">Play-fight Berlin 2016<\/p><\/div>\n","protected":false},"excerpt":{"rendered":"<p>Gal\u00e9rie &#8211; V\u00e9da Gal\u00e9ria \u2013 Pravilo Tour Jese\u0148 \u201921 &nbsp; Pravilo na festivaloch \u201921 &nbsp; &nbsp; &nbsp;<\/p>\n","protected":false},"author":1,"featured_media":0,"parent":0,"menu_order":0,"comment_status":"closed","ping_status":"closed","template":"","meta":{"_mo_disable_npp":"","footnotes":""},"yoast_head":"<!-- This site is optimized with the Yoast SEO plugin v15.7 - https:\/\/yoast.com\/wordpress\/plugins\/seo\/ -->\n<title>Gal\u00e9rie | VEDA<\/title>\n<meta name=\"robots\" content=\"index, follow, max-snippet:-1, max-image-preview:large, max-video-preview:-1\" \/>\n<link rel=\"canonical\" href=\"https:\/\/veda.one\/sk\/galleries\/\" \/>\n<meta property=\"og:locale\" content=\"en_US\" \/>\n<meta property=\"og:type\" content=\"article\" \/>\n<meta property=\"og:title\" content=\"Gal\u00e9rie | VEDA\" \/>\n<meta property=\"og:description\" content=\"Gal\u00e9rie &#8211; V\u00e9da Gal\u00e9ria \u2013 Pravilo Tour Jese\u0148 \u201921 &nbsp; Pravilo na festivaloch \u201921 &nbsp; &nbsp; &nbsp;\" \/>\n<meta property=\"og:url\" content=\"https:\/\/veda.one\/sk\/galleries\/\" \/>\n<meta property=\"og:site_name\" content=\"VEDA\" \/>\n<meta property=\"article:publisher\" content=\"https:\/\/www.facebook.com\/groups\/898824270254113\/\" \/>\n<meta property=\"article:modified_time\" content=\"2022-01-01T22:22:56+00:00\" \/>\n<meta property=\"og:image\" content=\"https:\/\/veda.one\/sk\/wp-content\/uploads\/2022\/01\/20211107_165821_resize.jpg\" \/>\n<meta name=\"twitter:card\" content=\"summary\" \/>\n<meta name=\"twitter:site\" content=\"@Smart_Defence\" \/>\n<meta name=\"twitter:label1\" content=\"Est. reading time\">\n\t<meta name=\"twitter:data1\" content=\"2 minutes\">\n<script type=\"application\/ld+json\" class=\"yoast-schema-graph\">{\"@context\":\"https:\/\/schema.org\",\"@graph\":[{\"@type\":\"WebSite\",\"@id\":\"https:\/\/veda.one\/sk\/#website\",\"url\":\"https:\/\/veda.one\/sk\/\",\"name\":\"VEDA\",\"description\":\"\\u017dIVOT V OTVOREN\\u00cd\",\"potentialAction\":[{\"@type\":\"SearchAction\",\"target\":\"https:\/\/veda.one\/sk\/?s={search_term_string}\",\"query-input\":\"required name=search_term_string\"}],\"inLanguage\":\"en-US\"},{\"@type\":\"ImageObject\",\"@id\":\"https:\/\/veda.one\/sk\/galleries\/#primaryimage\",\"inLanguage\":\"en-US\",\"url\":\"https:\/\/veda.one\/sk\/wp-content\/uploads\/2022\/01\/20211107_165821_resize.jpg\",\"width\":700,\"height\":525},{\"@type\":\"WebPage\",\"@id\":\"https:\/\/veda.one\/sk\/galleries\/#webpage\",\"url\":\"https:\/\/veda.one\/sk\/galleries\/\",\"name\":\"Gal\\u00e9rie | VEDA\",\"isPartOf\":{\"@id\":\"https:\/\/veda.one\/sk\/#website\"},\"primaryImageOfPage\":{\"@id\":\"https:\/\/veda.one\/sk\/galleries\/#primaryimage\"},\"datePublished\":\"2020-01-03T19:10:12+00:00\",\"dateModified\":\"2022-01-01T22:22:56+00:00\",\"inLanguage\":\"en-US\",\"potentialAction\":[{\"@type\":\"ReadAction\",\"target\":[\"https:\/\/veda.one\/sk\/galleries\/\"]}]}]}<\/script>\n<!-- \/ Yoast SEO plugin. -->","_links":{"self":[{"href":"https:\/\/veda.one\/sk\/wp-json\/wp\/v2\/pages\/3267"}],"collection":[{"href":"https:\/\/veda.one\/sk\/wp-json\/wp\/v2\/pages"}],"about":[{"href":"https:\/\/veda.one\/sk\/wp-json\/wp\/v2\/types\/page"}],"author":[{"embeddable":true,"href":"https:\/\/veda.one\/sk\/wp-json\/wp\/v2\/users\/1"}],"replies":[{"embeddable":true,"href":"https:\/\/veda.one\/sk\/wp-json\/wp\/v2\/comments?post=3267"}],"version-history":[{"count":5,"href":"https:\/\/veda.one\/sk\/wp-json\/wp\/v2\/pages\/3267\/revisions"}],"predecessor-version":[{"id":5209,"href":"https:\/\/veda.one\/sk\/wp-json\/wp\/v2\/pages\/3267\/revisions\/5209"}],"wp:attachment":[{"href":"https:\/\/veda.one\/sk\/wp-json\/wp\/v2\/media?parent=3267"}],"curies":[{"name":"wp","href":"https:\/\/api.w.org\/{rel}","templated":true}]}}