{"id":3401,"date":"2020-01-24T12:30:08","date_gmt":"2020-01-24T12:30:08","guid":{"rendered":"https:\/\/veda.one\/sk\/?page_id=3401"},"modified":"2024-10-24T13:29:58","modified_gmt":"2024-10-24T13:29:58","slug":"tibi","status":"publish","type":"page","link":"https:\/\/veda.one\/sk\/tibi\/","title":{"rendered":"Tibi L\u00e1ska Morav\u010d\u00edk"},"content":{"rendered":"<h1 class=\"western\" style=\"text-align: center;\">Tibi L\u00e1ska Morav\u010d\u00edk<\/h1>\n<h2 style=\"text-align: center;\"><b>pohybov\u00fd terapeut<\/b><\/h2>\n<p>&nbsp;<\/p>\n<h4 class=\"western\" style=\"text-align: center;\" align=\"LEFT\"><em>\u0160tudujem a preci\u0165ujem \u017divot cez pohyb.<br \/>\nHr\u00e1m sa s jednotliv\u00fdmi aspektami, definujem princ\u00edpy na ktor\u00fdch funguj\u00fa a sp\u00e1jam ich do jedn\u00e9ho <a href=\"https:\/\/veda.one\/sk\/veda-sila-tekutosti\/\">holistick\u00e9ho obrazu<\/a>.<br \/>\nSynergizujem vedomosti z bojov\u00fdch umen\u00ed, tanca, fyzioterapie, Chi Kungu,<br \/>\nnajm\u00e4 v\u0161ak z hlbok\u00e9ho pozn\u00e1vania seba sam\u00e9ho\u2026<br \/>\n<\/em><\/h4>\n<p><!--more--><\/p>\n<h5><img loading=\"lazy\" decoding=\"async\" class=\"size-full wp-image-6221 aligncenter\" src=\"https:\/\/veda.one\/sk\/wp-content\/uploads\/2024\/04\/tibi-v-grecku.webp\" alt=\"\" width=\"718\" height=\"470\" srcset=\"https:\/\/veda.one\/sk\/wp-content\/uploads\/2024\/04\/tibi-v-grecku.webp 718w, https:\/\/veda.one\/sk\/wp-content\/uploads\/2024\/04\/tibi-v-grecku-300x196.webp 300w\" sizes=\"(max-width: 718px) 100vw, 718px\" \/><\/h5>\n<h5 style=\"text-align: right;\"><b><i>In\u0161truktor<\/i><\/b><a href=\"https:\/\/systematibi.com\/what-is-systema\/\"> <b><i>Slovanskej Systemy<\/i><\/b><\/a><b><i> a Koz\u00e1ckej trad\u00edcie<br \/>\n<\/i><\/b><b><i>Spolutvorca <\/i><\/b><a href=\"https:\/\/veda.one\/sk\/veda-sila-tekutosti\/\"><b><i>Veda.one<\/i><\/b><\/a><br \/>\n<a href=\"https:\/\/veda.one\/sk\/pravilo\/\"><b><i>Pravilo terapia<\/i><\/b><b><i><br \/>\n<\/i><\/b><\/a><b><i>Tane\u010dn\u00edk<\/i><\/b><b><i><br \/>\n<\/i><\/b><a href=\"http:\/\/getupenergy.co.uk\/\"><b><i>Fyzio &amp; Mas\u00e1\u017ee<\/i><\/b><b><i><br \/>\n<\/i><\/b><\/a><b><i>Sifu <\/i><\/b><a href=\"https:\/\/systematibi.com\/wing-chun-kung-fu\/\"><b><i>Wing Chun Kung Fu<\/i><\/b><b><i><br \/>\n<\/i><\/b><\/a><b><i>Majster Slovenska v Karate, 2002<\/i><\/b><b><i><br \/>\n<\/i><\/b><b><i>Majster Slovenska v Kick Boxe, 2000<\/i><\/b><\/h5>\n<h4 class=\"blog_text marginT10\"><strong>Mobil \/ Whatsapp \/ Telegram:\u00a0<\/strong><strong>+447788538272<br \/>\n<\/strong><a href=\"mailto:wtibor@yahoo.co.uk\"><strong>wtibor@yahoo.co.uk<\/strong><\/a><\/h4>\n<p><iframe loading=\"lazy\" title=\"Prijal som nov\u00e9 meno: Tibi L\u00e1ska Morav\u010d\u00edk \ud83e\ude75\" width=\"500\" height=\"281\" src=\"https:\/\/www.youtube.com\/embed\/C_oaAZcDsxQ?feature=oembed\" frameborder=\"0\" allow=\"accelerometer; autoplay; clipboard-write; encrypted-media; gyroscope; picture-in-picture; web-share\" referrerpolicy=\"strict-origin-when-cross-origin\" allowfullscreen><\/iframe><\/p>\n<h2 style=\"text-align: center;\">Bojov\u00e9 umenia<\/h2>\n<p>Od detstva ma pova\u017eovali za \u2018hyperakt\u00edvneho\u2019. R\u00e1d sa h\u00fdbem. Sk\u00fa\u0161al som ve\u013ea r\u00f4znych \u0161portov: gymnastiku, tenis, pl\u00e1vanie, futbal, atletiku, biatlon, ly\u017eovanie, turistiku\u2026 Rekrea\u010dne st\u00e1le \u0161portujem.<br \/>\nPred 37. rokmi som sa za\u013e\u00fabil do <strong>Bojov\u00fdch Umen\u00ed<\/strong>\u00a0a to konkr\u00e9tne do\u00a0<strong>Karate<\/strong>. Nesk\u00f4r som paralelne s Karate tr\u00e9noval aj <strong>Kickbox<\/strong>. V oboch \u0161portoch som bol\u00a0<strong>\u010dlenom n\u00e1rodn\u00e9ho teamu<\/strong>, ako aj majster Slovenska.<br \/>\nPo 17 rokoch karate som h\u013eadal nie\u010do na uvo\u013enenie a na\u0161iel som\u00a0<strong>Wing Tsun Kung Fu<\/strong>, ktor\u00e9 je kr\u00e1sne uvo\u013enen\u00e9 a plynul\u00e9 a preto superdynamick\u00e9. Dodnes sa aj u\u010d\u00edm od\u00a0<a href=\"https:\/\/twitter.com\/mastercameron86?lang=en\">Majstra Andrewa Camerona<\/a>.<br \/>\nPopri tom som tr\u00e9noval aj Filip\u00ednsku\u00a0<strong>Escrimu<\/strong>.<br \/>\nPo rokoch tr\u00e9ningu som za\u010dal Wing Chun u\u010di\u0165 a stal som sa majstrom \u2013 Sifu.<br \/>\nSt\u00e1le cvi\u010d\u00edm aj pod\u013ea Wing Chun princ\u00edpov, ale formy som u\u017e opustil, lebo som to svojho \u0161t\u00fadia bojov\u00fdch umen\u00ed za\u010dlenil nie\u010do e\u0161te ove\u013ea tekutej\u0161ieho ako Wing Chun\u2026!<\/p>\n<p>&nbsp;<\/p>\n<p><iframe loading=\"lazy\" title=\"Systema Tibi Moravcik\" src=\"https:\/\/www.youtube.com\/embed\/0dQFvnB-bOc?feature=oembed\" width=\"500\" height=\"281\" frameborder=\"0\" allowfullscreen=\"allowfullscreen\" data-mce-fragment=\"1\"><\/iframe><\/p>\n<h2 style=\"text-align: center;\">Slovansk\u00e1 Systema<\/h2>\n<p>Roky som sledoval vide\u00e1\u00a0<a href=\"https:\/\/systematm.com\/what-is-systema\/\" target=\"_blank\" rel=\"noopener noreferrer\"><strong>Slovanskej Systemy<\/strong><\/a>, k\u00fdm som sa odhodlal nav\u0161t\u00edvi\u0165 prv\u00fd semin\u00e1r s\u00a0<a href=\"https:\/\/systematm.com\/vladimir-vasiliev\/\" target=\"_blank\" rel=\"noopener noreferrer\"><strong>Vladim\u00edrom Vasilievom<\/strong><\/a>, ktor\u00e9ho odvtedy pova\u017eujem za svojho majstra. Ako otvoren\u00e1 myse\u013e som sa u\u010dil od ve\u013ea \u010fal\u0161\u00edch Systema majstrov ako Mikhail Ryabko.<\/p>\n<p>&nbsp;<\/p>\n<h2 style=\"text-align: center;\">Koz\u00e1ci a Slovansko-V\u00e9dska kult\u00fara<\/h2>\n<p>Ch\u00e1pa\u0165 klasick\u00fa Syst\u00e9mu mi pom\u00e1ha aj \u0161t\u00fadium\u00a0<strong>Koz\u00e1ckej<\/strong>\u00a0a\u00a0<strong>p\u00f4vodnej Slovanskej trad\u00edcie<\/strong>\u00a0od majstrov ako Funtikov, Makarov, Kurovskij \u010di \u010cernikov.<br \/>\nNa\u0161e korene, kres\u0165ania \u010dasto pejorat\u00edvne volaj\u00fa \u2018Slovansk\u00e9 pohanstvo\u2019 je vlastne vetva jednej z najstar\u0161\u00edch zn\u00e1mych civiliz\u00e1cii \u2013\u00a0<a href=\"https:\/\/slovanskajoga.sk\/about-veda\/\" target=\"_blank\" rel=\"noopener noreferrer\"><strong>V\u00e9dskej kult\u00fary<\/strong><\/a>. Z v\u00e9dskej kult\u00fary vych\u00e1dza\u00a0<strong>Hinduizmus<\/strong>,\u00a0<strong>J\u00f3ga<\/strong>,\u00a0<strong>Budhizmus<\/strong>,\u00a0<strong>Zen<\/strong>, \u010diasto\u010dne\u00a0<strong>Chi Kung<\/strong>\u00a0a ve\u013ea \u010fal\u0161\u00edch znalost\u00ed siln\u00fdch my\u0161lienkov\u00fdch pr\u00fadov\u2026<\/p>\n<blockquote class=\"wp-embedded-content\" data-secret=\"bvW53gjDK0\"><p><a href=\"https:\/\/veda.one\/sk\/veda-poznanie-zivota\/\">V\u00e9da &#8211; Poznanie \u017divota<\/a><\/p><\/blockquote>\n<p><iframe class=\"wp-embedded-content\" sandbox=\"allow-scripts\" security=\"restricted\" style=\"position: absolute; clip: rect(1px, 1px, 1px, 1px);\" title=\"&#8220;V\u00e9da &#8211; Poznanie \u017divota&#8221; &#8212; VEDA\" src=\"https:\/\/veda.one\/sk\/veda-poznanie-zivota\/embed\/#?secret=XWJsXWsHjr#?secret=bvW53gjDK0\" data-secret=\"bvW53gjDK0\" width=\"500\" height=\"282\" frameborder=\"0\" marginwidth=\"0\" marginheight=\"0\" scrolling=\"no\"><\/iframe><\/p>\n<p>&nbsp;<\/p>\n<h2 style=\"text-align: center;\">Chi Kung<\/h2>\n<div id=\"attachment_3244\" class=\"wp-caption aligncenter\">\n<div id=\"attachment_3244\" style=\"width: 710px\" class=\"wp-caption aligncenter\"><img loading=\"lazy\" decoding=\"async\" aria-describedby=\"caption-attachment-3244\" class=\"wp-image-3244\" src=\"https:\/\/veda.one\/sk\/wp-content\/uploads\/2020\/01\/74340395_475445969736579_7540683899882438656_n-2.jpg\" alt=\"\" width=\"700\" height=\"525\" srcset=\"https:\/\/veda.one\/sk\/wp-content\/uploads\/2020\/01\/74340395_475445969736579_7540683899882438656_n-2.jpg 2048w, https:\/\/veda.one\/sk\/wp-content\/uploads\/2020\/01\/74340395_475445969736579_7540683899882438656_n-2-300x225.jpg 300w, https:\/\/veda.one\/sk\/wp-content\/uploads\/2020\/01\/74340395_475445969736579_7540683899882438656_n-2-768x576.jpg 768w, https:\/\/veda.one\/sk\/wp-content\/uploads\/2020\/01\/74340395_475445969736579_7540683899882438656_n-2-1024x768.jpg 1024w, https:\/\/veda.one\/sk\/wp-content\/uploads\/2020\/01\/74340395_475445969736579_7540683899882438656_n-2-200x150.jpg 200w\" sizes=\"(max-width: 700px) 100vw, 700px\" \/><p id=\"caption-attachment-3244\" class=\"wp-caption-text\">Grand Master Sam Chin u\u010d\u00ed Tibiho I Liq Chuan \u2013 Zhang Xin Dao (funk\u010dn\u00e1 Chi Kung)<\/p><\/div>\n<\/div>\n<h3 class=\"western\"><\/h3>\n<p>P\u00e1r rokov dozadu som za\u010dal ve\u013emi akt\u00edvne \u0161tudova\u0165 ve\u013emi funk\u010dn\u00fd\u00a0<strong>Chi Kung<\/strong>\u00a0\/ Qigong :\u00a0<strong><a href=\"https:\/\/slovanskajoga.sk\/qigong-i-liq-chuan-zhang-xin-dao\/\" target=\"_blank\" rel=\"noopener noreferrer\">Zhang Xin Dao \u2013 I Liq Chuan<\/a><\/strong>\u00a0(Vedom\u00e9 Bojov\u00e9 umenie) od majstra\u00a0<strong><a href=\"https:\/\/iliqchuan.com\/grandmaster-sam-chin\/\">GM Sam Chin<\/a><\/strong>.<br \/>\nTento Chi Kung nie je len o subjekt\u00edvnych pocitoch cvi\u010denca, ale je <strong>objekt\u00edvne pozorovate\u013en\u00fd<\/strong> druh\u00fdmi \u013eu\u010fmi. Pracuje okrem in\u00e9ho s <strong>vedom\u00fdm rozp\u00ednan\u00edm a zmr\u0161\u0165ovan\u00edm fasci\u00ed<\/strong>, ktor\u00fd sa dop\u013a\u0148a s Koz\u00e1cko-V\u00e9dskym konceptom otv\u00e1rania sa a zatv\u00e1rania sa.<\/p>\n<p>&nbsp;<\/p>\n<p><iframe loading=\"lazy\" title=\"TEKUT\u00c1 SILA 01 ODLI\u0160N\u00c9 KVALITY\" src=\"https:\/\/www.youtube.com\/embed\/rtR0bQzgEHg?feature=oembed\" width=\"500\" height=\"281\" frameborder=\"0\" allowfullscreen=\"allowfullscreen\" data-mce-fragment=\"1\"><\/iframe><\/p>\n<p>&nbsp;<\/p>\n<h2 style=\"text-align: center;\">Konflikt a Stres Management<\/h2>\n<p>Rob\u00edm ochranku po baroch, cluboch, koncertoch, \u010di n\u00f3bl akci\u00e1ch u\u017e vy\u0161e 18 rokov. Bojov\u00e9 Umenia, a \u013eahkos\u0165 tane\u010dn\u00edka mi neraz zachr\u00e1nili \u017eivot.<br \/>\nZa ten \u010das som otestoval a vyvinul ve\u013emi dobr\u00e9 met\u00f3dy\u00a0<strong>konflikt managementu<\/strong>, zalo\u017eenom na psychol\u00f3gii vyu\u017eit\u00edm \u010do najmen\u0161ej n\u00e1mahy \u2013 s cie\u013eom by\u0165 \u010do najefekt\u00edvnej\u0161\u00ed.<br \/>\nV tejto pr\u00e1ci som sa ve\u013eakr\u00e1t ocitol vo ve\u013emi vyp\u00e4t\u00fdch situ\u00e1ci\u00e1ch, kde som potreboval <a href=\"https:\/\/dynamicstressmanagement.com\/how-to-cope-with-stress\/\"><strong>zvl\u00e1da\u0165 stres<\/strong><\/a>\u00a0nie len svoj, ale aj \u013eud\u00ed naokolo. Pri tekutosti tela a mysle nevznik\u00e1 priestor na stres.<br \/>\nSvoj kurz zvl\u00e1dania stresu: \u017divot v otvoren\u00ed u\u010d\u00edm aj ako lektor pre <strong><a href=\"https:\/\/vedomaskola.sk\/\">Univerzitu Vedom\u00e9ho \u017divota<\/a><\/strong>.<\/p>\n<p>&nbsp;<\/p>\n<h2 style=\"text-align: center;\">Tanec<\/h2>\n<p>Milujem tanec. Okolo 18-ky som akt\u00edvne <strong>breakoval<\/strong> s chalanmi dnes zn\u00e1mymi ako Streat Breakers. Ved\u013ea Hip Hopu som si nenechal ujs\u0165 \u0161ancu tancova\u0165 aj na Reggea, Jazz, Techno, Rock \u2013 \u010doko\u013evek.<br \/>\nPosledn\u00e9 roky som si zamiloval\u00a0<a href=\"https:\/\/veda.one\/sk\/kontaktna-improvizacia\/\"><strong>Contact Improvisation<\/strong><\/a>. CI u\u010d\u00ed \u010dloveka harmonizova\u0165 sa s druh\u00fdmi v r\u00f4znorod\u00fdch poz\u00edci\u00e1ch. Je to obrovsk\u00e1 z\u00e1bava ako dovednos\u0165, ktor\u00fa dne\u0161n\u00e1 spolo\u010dnos\u0165 tak z\u00fafalo potrebuje.<\/p>\n<p style=\"text-align: center;\"><a href=\"https:\/\/veda.one\/wp-content\/uploads\/2019\/08\/IMG_20190707_1502575.jpg\"><span style=\"color: #000080;\"><img loading=\"lazy\" decoding=\"async\" src=\"https:\/\/veda.one\/wp-content\/uploads\/2019\/08\/IMG_20190707_1502575-1024x683.jpg\" width=\"1024\" height=\"683\" name=\"graphics5\" align=\"BOTTOM\" border=\"1\" \/><\/span><\/a><\/p>\n<h2><\/h2>\n<h2 style=\"text-align: center;\">Playfight<\/h2>\n<p>Playfight je\u00a0<strong>tr\u00e9ningov\u00e1 met\u00f3da Slovanov<\/strong>. My sme sa u\u010dili bojova\u0165 nie precvi\u010dovan\u00edm nejak\u00fdch techn\u00edk a foriem, ale\u00a0<strong>hran\u00edm sa<\/strong>, la\u0161kovan\u00edm, t\u00fdm \u010do u deti vol\u00e1me aj ja\u0161en\u00edm sa\u2026<br \/>\nAko Wing Chun a najm\u00e4 Systema in\u0161truktor u\u010d\u00edm bojova\u0165 hran\u00edm sa \u2013 po anglicy playfight.<br \/>\nTaktie\u017e som mal mo\u017enos\u0165 spolupracova\u0165 s Brunom Cavernom, ktor\u00e9ho Play-fight je ve\u013emi bl\u00edzky m\u00f4jmu pon\u00edmaniu. Robil som v\u0161ak aj in\u00e9 playfighty\u2026<\/p>\n<p>&nbsp;<\/p>\n<h2 style=\"text-align: center;\">Mas\u00e1\u017e a Fyzioterapia<\/h2>\n<p>T\u00fa\u017eba po lep\u0161om, efekt\u00edvnej\u0161om a zdrav\u0161om tele m\u00e1 priviedla k mas\u00e1\u017eam\u2026 Najprv roky ako klienta, ke\u010f som sa rozhodol spravi\u0165 si poriadny kurz a stal sa <strong>mas\u00e9rom<\/strong>.<\/p>\n<p><img loading=\"lazy\" decoding=\"async\" class=\"size-full wp-image-5598 aligncenter\" src=\"https:\/\/veda.one\/sk\/wp-content\/uploads\/2022\/05\/OR4A2528cr-sm.jpg\" alt=\"\" width=\"700\" height=\"549\" srcset=\"https:\/\/veda.one\/sk\/wp-content\/uploads\/2022\/05\/OR4A2528cr-sm.jpg 700w, https:\/\/veda.one\/sk\/wp-content\/uploads\/2022\/05\/OR4A2528cr-sm-300x235.jpg 300w\" sizes=\"(max-width: 700px) 100vw, 700px\" \/><\/p>\n<p>A tak u\u017e 18. rok mas\u00edrujem \u013eud\u00ed, pom\u00e1ham im od bolesti, nap\u00e4tia a stimulujem ich telo k lie\u010deniu\u2026<\/p>\n<p>Okrem klasickej\u00a0<strong>\u0160v\u00e9dskej mas\u00e1\u017ei<\/strong>,\u00a0<strong>\u0161portovej mas\u00e1\u017ei<\/strong>,\u00a0<strong>\u2018deep tissue\u2019 mas\u00e1\u017ei<\/strong>\u00a0som sa medzit\u00fdm priu\u010dil aj in\u00fdm mas\u00e1\u017eam ako napr\u00edklad\u00a0<strong>tradi\u010dnej Slovanskej mas\u00e1\u017ei<\/strong>,\u00a0<strong>Thajskej mas\u00e1\u017ei<\/strong>\u00a0a in\u00fdm.<\/p>\n<p>Ale neostalo len pri mas\u00e1\u017each\u2026 K pochopenie fungovania n\u00e1\u0161ho tela je potrebn\u00e9 \u00eds\u0165 hlb\u0161ie do <strong>fyziol\u00f3gie<\/strong>\u00a0vyvinutej vedeck\u00fdmi met\u00f3dami. Z r\u00f4znych fyzio \u0161k\u00f4l m\u00e1 najviac zaujala\u00a0<a href=\"http:\/\/amzn.eu\/d\/htzqCHC\"><strong>Anatomy Trains<\/strong><\/a>, ktorej kurz som absolvoval. T\u00e1to met\u00f3da <a href=\"https:\/\/www.anatomytrains.com\/about-us\/about-tom-myers\/\">Toma Myera<\/a>\u00a0mi ve\u013emi pomohla vn\u00edmat pohyb ove\u013ea viac holisticky \u2013 celostne. T\u00e1to met\u00f3da nepracuje s oddelen\u00fdmi svalmi, \u0161\u013eachami a fasciami, ale sp\u00e1ja ich do\u00a0<strong>myofasci\u00e1lnych dr\u00e1h<\/strong>. Tento koncept mi okrem in\u00e9ho pomohol ch\u00e1pa\u0165\u00a0<strong>tensegritu<\/strong>\u00a0n\u00e1\u0161ho tela v pohybe.<br \/>\nFyzio a mas\u00e1\u017ee ma ve\u013ea u\u010dia o pohybe, biomechanike, zvy\u0161uj\u00fa mi citlivos\u0165, u\u010dia zameriava\u0165 vedomie\u2026<\/p>\n<p>&nbsp;<\/p>\n<h2 style=\"text-align: center;\">Pravilo<\/h2>\n<p>S\u00fa\u010das\u0165ou Slovansko-V\u00e9dskeho Chi Kungu je \u2018Pravilo\u2019. Nepozn\u00e1m ni\u010d podobn\u00e9 \u010do by roz\u0165ahovalo \u010dloveka naprie\u010d, celostne holisticky jak ni\u010d in\u00e9! Posiluje sa n\u00edm sila v zmr\u0161\u0165ovan\u00ed a najm\u00e4 v rozp\u00ednan\u00ed \u2013 expanzii fasci\u00ed a \u0161liach. Taktie\u017e dost\u00e1va telo do rovnov\u00e1hy ak su poskracovan\u00e9 nejake tkaniv\u00e1..<\/p>\n<p><iframe loading=\"lazy\" title=\"Pravilo \u2013 a health machine\" src=\"https:\/\/www.youtube.com\/embed\/bEJaDFklFLg?feature=oembed\" width=\"500\" height=\"281\" frameborder=\"0\" allowfullscreen=\"allowfullscreen\" data-mce-fragment=\"1\"><\/iframe><\/p>\n<h2><\/h2>\n<p>&nbsp;<\/p>\n<p>&nbsp;<\/p>\n<h2 style=\"text-align: center;\">Synergia znalosti a sk\u00fasenosti<\/h2>\n<div id=\"attachment_3995\" class=\"wp-caption aligncenter\">\n<p><a href=\"https:\/\/veda.one\/sk\/wp-content\/uploads\/2019\/09\/aspects.jpg\" target=\"_blank\" rel=\"noopener noreferrer\"><img loading=\"lazy\" decoding=\"async\" class=\"aligncenter wp-image-2462 size-large\" src=\"https:\/\/veda.one\/sk\/wp-content\/uploads\/2019\/09\/aspects-1024x623.jpg\" alt=\"\" width=\"1024\" height=\"623\" srcset=\"https:\/\/veda.one\/sk\/wp-content\/uploads\/2019\/09\/aspects-1024x623.jpg 1024w, https:\/\/veda.one\/sk\/wp-content\/uploads\/2019\/09\/aspects-300x183.jpg 300w, https:\/\/veda.one\/sk\/wp-content\/uploads\/2019\/09\/aspects-768x467.jpg 768w, https:\/\/veda.one\/sk\/wp-content\/uploads\/2019\/09\/aspects-600x365.jpg 600w\" sizes=\"(max-width: 1024px) 100vw, 1024px\" \/><\/a><\/p>\n<p id=\"caption-attachment-3995\" class=\"wp-caption-text\">\n<\/div>\n<p>Okrem spomenut\u00fdch m\u00e1m za sebou nejak\u00e9 semin\u00e1re klasickej Indicko-V\u00e9dskej J\u00f3gy, Pilates, Feldenkrais a pod. S otvorenou mys\u013eou \u0161tudujem r\u00f4zne koncepty, brainstormingujem so \u0161pecialistami\u2026<\/p>\n<p>V\u0161etky znalosti majstrov, v\u00fdsledky mojich sebapozorovan\u00ed a medit\u00e1cii sa nie len sp\u00e1jaj\u00fa ale dokonca\u00a0<strong>synergizuj\u00fa<\/strong>.<br \/>\nAnalyzujem r\u00f4zne aspekty, definujem princ\u00edpy na z\u00e1klade ktor\u00fdch funguj\u00fa, testujem r\u00f4zne metodiky u\u010denia, aby som nakoniec v\u0161etky aspekty a znalosti integroval do\u00a0<strong>jedn\u00e9ho konzistentn\u00e9ho holistick\u00e9ho syst\u00e9mu<\/strong>:<\/p>\n<h3 style=\"text-align: center;\"><a href=\"https:\/\/slovanskajoga.sk\/about-veda\/\"><strong>Veda<\/strong><\/a><\/h3>\n<p>Ver\u00edm, \u017ee spolu vytvor\u00edme kruh \u013eud\u00ed t\u00fa\u017eiacich po sp\u00e1jan\u00ed a zdie\u013ean\u00ed znalost\u00ed\u2026<\/p>\n<p>&nbsp;<\/p>\n<h2 style=\"text-align: center;\">Svetlo v Tme<\/h2>\n<p>Viac o pobyte v tme:<br \/>\n<a href=\"https:\/\/synergeticum.info\/svetlo-v-tme\/\">https:\/\/synergeticum.info\/svetlo-v-tme\/<\/a><\/p>\n<p>&nbsp;<\/p>\n<p><iframe loading=\"lazy\" title=\"Svetlo v Tme\" src=\"https:\/\/www.youtube.com\/embed\/XIC1eDXTbsg?feature=oembed\" width=\"500\" height=\"281\" frameborder=\"0\" allowfullscreen=\"allowfullscreen\" data-mce-fragment=\"1\"><\/iframe><\/p>\n<p>&nbsp;<\/p>\n<p><iframe loading=\"lazy\" title=\"Tibi interview - About the System(a)...\" width=\"500\" height=\"281\" src=\"https:\/\/www.youtube.com\/embed\/ImMn7IFkcJU?feature=oembed\" frameborder=\"0\" allow=\"accelerometer; autoplay; clipboard-write; encrypted-media; gyroscope; picture-in-picture; web-share\" referrerpolicy=\"strict-origin-when-cross-origin\" allowfullscreen><\/iframe><\/p>\n<p>&nbsp;<\/p>\n<h3 style=\"text-align: center;\"><a href=\"https:\/\/synergeticum.info\/svet-podla-tibiho\/\">Svet pod\u013ea Tibiho<\/a><\/h3>\n<div class=\"blog_post\">\n<p><a href=\"https:\/\/synergeticum.info\/svet-podla-tibiho\/\"><img loading=\"lazy\" decoding=\"async\" class=\"wp-image-2726 aligncenter\" src=\"https:\/\/synergeticum.info\/wp-content\/uploads\/2020\/11\/freepressjournal_import_2018_05_Dream-of-A-Better-World.jpg\" sizes=\"(max-width: 701px) 100vw, 701px\" srcset=\"https:\/\/synergeticum.info\/wp-content\/uploads\/2020\/11\/freepressjournal_import_2018_05_Dream-of-A-Better-World.jpg 800w, https:\/\/synergeticum.info\/wp-content\/uploads\/2020\/11\/freepressjournal_import_2018_05_Dream-of-A-Better-World-300x188.jpg 300w, https:\/\/synergeticum.info\/wp-content\/uploads\/2020\/11\/freepressjournal_import_2018_05_Dream-of-A-Better-World-768x480.jpg 768w\" alt=\"\" width=\"701\" height=\"438\" \/><\/a><\/p>\n<\/div>\n","protected":false},"excerpt":{"rendered":"<p>Tibi L\u00e1ska Morav\u010d\u00edk pohybov\u00fd terapeut &nbsp; \u0160tudujem a preci\u0165ujem \u017divot cez pohyb. Hr\u00e1m sa s jednotliv\u00fdmi aspektami, definujem princ\u00edpy na ktor\u00fdch funguj\u00fa a sp\u00e1jam ich do jedn\u00e9ho holistick\u00e9ho obrazu. Synergizujem [&hellip;]<\/p>\n","protected":false},"author":1,"featured_media":3903,"parent":0,"menu_order":0,"comment_status":"closed","ping_status":"closed","template":"","meta":{"_mo_disable_npp":"","footnotes":""},"yoast_head":"<!-- This site is optimized with the Yoast SEO plugin v15.7 - https:\/\/yoast.com\/wordpress\/plugins\/seo\/ -->\n<title>Tibi L\u00e1ska Morav\u010d\u00edk | VEDA<\/title>\n<meta name=\"robots\" content=\"index, follow, max-snippet:-1, max-image-preview:large, max-video-preview:-1\" \/>\n<link rel=\"canonical\" href=\"https:\/\/veda.one\/sk\/tibi\/\" \/>\n<meta property=\"og:locale\" content=\"en_US\" \/>\n<meta property=\"og:type\" content=\"article\" \/>\n<meta property=\"og:title\" content=\"Tibi L\u00e1ska Morav\u010d\u00edk | VEDA\" \/>\n<meta property=\"og:description\" content=\"Tibi L\u00e1ska Morav\u010d\u00edk pohybov\u00fd terapeut &nbsp; \u0160tudujem a preci\u0165ujem \u017divot cez pohyb. Hr\u00e1m sa s jednotliv\u00fdmi aspektami, definujem princ\u00edpy na ktor\u00fdch funguj\u00fa a sp\u00e1jam ich do jedn\u00e9ho holistick\u00e9ho obrazu. Synergizujem [&hellip;]\" \/>\n<meta property=\"og:url\" content=\"https:\/\/veda.one\/sk\/tibi\/\" \/>\n<meta property=\"og:site_name\" content=\"VEDA\" \/>\n<meta property=\"article:publisher\" content=\"https:\/\/www.facebook.com\/groups\/898824270254113\/\" \/>\n<meta property=\"article:modified_time\" content=\"2024-10-24T13:29:58+00:00\" \/>\n<meta property=\"og:image\" content=\"https:\/\/veda.one\/sk\/wp-content\/uploads\/2020\/09\/IMG_3927a-cr-scaled.jpg\" \/>\n\t<meta property=\"og:image:width\" content=\"2560\" \/>\n\t<meta property=\"og:image:height\" content=\"1146\" \/>\n<meta name=\"twitter:card\" content=\"summary\" \/>\n<meta name=\"twitter:site\" content=\"@Smart_Defence\" \/>\n<meta name=\"twitter:label1\" content=\"Est. reading time\">\n\t<meta name=\"twitter:data1\" content=\"6 minutes\">\n<script type=\"application\/ld+json\" class=\"yoast-schema-graph\">{\"@context\":\"https:\/\/schema.org\",\"@graph\":[{\"@type\":\"WebSite\",\"@id\":\"https:\/\/veda.one\/sk\/#website\",\"url\":\"https:\/\/veda.one\/sk\/\",\"name\":\"VEDA\",\"description\":\"\\u017dIVOT V OTVOREN\\u00cd\",\"potentialAction\":[{\"@type\":\"SearchAction\",\"target\":\"https:\/\/veda.one\/sk\/?s={search_term_string}\",\"query-input\":\"required name=search_term_string\"}],\"inLanguage\":\"en-US\"},{\"@type\":\"ImageObject\",\"@id\":\"https:\/\/veda.one\/sk\/tibi\/#primaryimage\",\"inLanguage\":\"en-US\",\"url\":\"https:\/\/veda.one\/sk\/wp-content\/uploads\/2020\/09\/IMG_3927a-cr-scaled.jpg\",\"width\":2560,\"height\":1146},{\"@type\":\"WebPage\",\"@id\":\"https:\/\/veda.one\/sk\/tibi\/#webpage\",\"url\":\"https:\/\/veda.one\/sk\/tibi\/\",\"name\":\"Tibi L\\u00e1ska Morav\\u010d\\u00edk | VEDA\",\"isPartOf\":{\"@id\":\"https:\/\/veda.one\/sk\/#website\"},\"primaryImageOfPage\":{\"@id\":\"https:\/\/veda.one\/sk\/tibi\/#primaryimage\"},\"datePublished\":\"2020-01-24T12:30:08+00:00\",\"dateModified\":\"2024-10-24T13:29:58+00:00\",\"inLanguage\":\"en-US\",\"potentialAction\":[{\"@type\":\"ReadAction\",\"target\":[\"https:\/\/veda.one\/sk\/tibi\/\"]}]}]}<\/script>\n<!-- \/ Yoast SEO plugin. -->","_links":{"self":[{"href":"https:\/\/veda.one\/sk\/wp-json\/wp\/v2\/pages\/3401"}],"collection":[{"href":"https:\/\/veda.one\/sk\/wp-json\/wp\/v2\/pages"}],"about":[{"href":"https:\/\/veda.one\/sk\/wp-json\/wp\/v2\/types\/page"}],"author":[{"embeddable":true,"href":"https:\/\/veda.one\/sk\/wp-json\/wp\/v2\/users\/1"}],"replies":[{"embeddable":true,"href":"https:\/\/veda.one\/sk\/wp-json\/wp\/v2\/comments?post=3401"}],"version-history":[{"count":18,"href":"https:\/\/veda.one\/sk\/wp-json\/wp\/v2\/pages\/3401\/revisions"}],"predecessor-version":[{"id":6299,"href":"https:\/\/veda.one\/sk\/wp-json\/wp\/v2\/pages\/3401\/revisions\/6299"}],"wp:featuredmedia":[{"embeddable":true,"href":"https:\/\/veda.one\/sk\/wp-json\/wp\/v2\/media\/3903"}],"wp:attachment":[{"href":"https:\/\/veda.one\/sk\/wp-json\/wp\/v2\/media?parent=3401"}],"curies":[{"name":"wp","href":"https:\/\/api.w.org\/{rel}","templated":true}]}}